{"id":36,"date":"2025-08-04T13:31:18","date_gmt":"2025-08-04T13:31:18","guid":{"rendered":"https:\/\/szaszlilla.hu\/?page_id=36"},"modified":"2026-05-07T13:13:46","modified_gmt":"2026-05-07T13:13:46","slug":"about","status":"publish","type":"page","link":"https:\/\/szaszlilla.hu\/hu\/about\/","title":{"rendered":"about"},"content":{"rendered":"<p><span style=\"font-weight: 400;\">Lilla Sz\u00e1sz is a visual artist and researcher based between Budapest, Lisbon, and Vienna. Her delicate photo series investigate themes of intimacy, collective memory, and the politics of visibility, with a particular focus on feminist and post-socialist histories.<\/span><\/p>\n<p><span style=\"font-weight: 400;\">Most of Sz\u00e1sz\u2019s projects take months, sometimes even years, to complete, allowing her to form deep connections with the people she photographs. Her collaborative and research-driven practice often involves oral history, archival engagement, and participatory strategies. Whether working with young women in Hungary, post-Soviet youth in Russia, or contemporary lives in Cuba, she approaches her subjects by building relationships rooted in co-presence and trust.<\/span><\/p>\n<p><span style=\"font-weight: 400;\">With poetic imagery, she captures subtle details that reveal the complexities of human relationships. Her images tenderly portray vulnerability and offer an intimate look into the lives of marginalized groups, including sex workers, young offenders living in institutions, and others carrying various social stigmas.<\/span><\/p>\n<p><span style=\"font-weight: 400;\">She is currently a PhD candidate in Artistic Research at the University of Applied Arts Vienna, focusing on transgenerational memory and the ethics of representation. Sz\u00e1sz\u2019s projects have examined themes such as state violence, displacement, and women\u2019s resistance across different regimes.<\/span><\/p>\n<p><span style=\"font-weight: 400;\">Her work has been widely exhibited, including at the Ludwig Museum (Budapest), Institute of Contemporary Art Duna\u00fajv\u00e1ros (Hungary), Fotohof (Salzburg), Arles Photo Festival (France), Manifesta Biennial (Kosovo), Edith-Russ-Haus for Media Art (Germany), <\/span><span style=\"font-weight: 400;\">Fotogaleriet Oslo (Norway), <\/span><span style=\"font-weight: 400;\">the National Museum in Warsaw (Poland), OFF-Biennale Budapest (Hungary), and Photo Espa\u00f1a (Spain). Her pieces are also held in collections such as the Ludwig Museum \u2013 Museum of Contemporary Art Budapest and the ICP Library in New York. She has participated in international residencies in Lisbon, Havana, Salzburg, and New York, and was shortlisted for the Rosti P\u00e1l Prize for best photobook (<\/span><i><span style=\"font-weight: 400;\">Greetings From My New Home<\/span><\/i><span style=\"font-weight: 400;\">, 2022) by the Hungarian National Museum. In 2026 she received the Fulbright Schuman Fellowship to the Columbia University, Department of Oral Studies.<\/span><\/p>\n<p>&nbsp;<\/p>\n<p><strong>Contact:<\/strong> szasz.lilla@gmail.com<\/p>\n<p>&nbsp;<\/p>\n<h2>CV<\/h2>\n<p><b>education<\/b><\/p>\n<p><span style=\"font-weight: 400;\">Since 2024: PhD in Artistic Research, University of Applied Arts, Vienna<br \/>\n<\/span><span style=\"font-weight: 400;\">1995-2000: MA in Art history, Russian language and literature; E\u00f6tv\u00f6s Lor\u00e1nd University, Budapest\u00a0<\/span><\/p>\n<p><b>teaching experience<\/b><\/p>\n<p><span style=\"font-weight: 400;\">2024: Workshop at Porto Summer School on Arts&amp;Cinema<br \/>\n<\/span><span style=\"font-weight: 400;\">2018 &#8211; 2026: Budapest Metropolitan University, guest lecturer<br \/>\n<\/span><span style=\"font-weight: 400;\">2015-2017: International Business School, Budapest, guest lecturer<br \/>\n<\/span><span style=\"font-weight: 400;\">2015: F\u00fcggetlen K\u00e9pz\u0151m\u0171v\u00e9szeti Tansz\u00e9k, Flying Art\u00a0Courses \u2013 guest lecturer (Part of OFF-Biennale Program)<br \/>\n<\/span><span style=\"font-weight: 400;\">2011: ICP, New York, Saul Robbins\u2019 workshop <\/span><i><span style=\"font-weight: 400;\">Regarding Intimacy<\/span><\/i><span style=\"font-weight: 400;\">\u00a0 (guest lecturer)<br \/>\n<\/span><span style=\"font-weight: 400;\">2010: Kontakt Courses in Art Photography in cooperation with Mosoly Foundation: photography workshop in Berlin<br \/>\n<\/span><span style=\"font-weight: 400;\">2010: Kontakt Courses in Art Photography in cooperation with Mosoly Foundation (guest teacher)<br \/>\n<\/span><span style=\"font-weight: 400;\">2009: Kontakt Courses in Art Photography (guest teacher)<\/span><\/p>\n<p><b>jurying at art contests<\/b><\/p>\n<p><span style=\"font-weight: 400;\">2013 &#8211; 2022: Member of the Jury at Fed\u00e9l N\u00e9lk\u00fcl (The Shelter Foundation \u201cWithout a Roof\u201d), The Artwork of the Year tender<\/span><\/p>\n<p><b>curatorial experience<\/b><\/p>\n<p><span style=\"font-weight: 400;\">2011: <em>Margins<\/em>, Poznan Photo Biennale, within the collective BRUN<\/span><\/p>\n<p><b>solo exhibitions (selected)<\/b><\/p>\n<p>2026: Because The Sun May Rise Tomorrow, Gallery Inda, Budapest<br \/>\n<span style=\"font-weight: 400;\">2024: <\/span><i><span style=\"font-weight: 400;\">No Bread For Us<\/span><\/i><span style=\"font-weight: 400;\">, (with Rita GT) Gallery Liget, Budapest<br \/>\n<\/span><span style=\"font-weight: 400;\">2024: <\/span><i><span style=\"font-weight: 400;\">#Good morning bro<\/span><\/i><span style=\"font-weight: 400;\">, Gallery Inda, Budapest<br \/>\n<\/span><span style=\"font-weight: 400;\">2023: <\/span><i><span style=\"font-weight: 400;\">Three Acts<\/span><\/i><span style=\"font-weight: 400;\">, ArtistaXArtista artist residency, Havana, Cuba<br \/>\n<\/span><span style=\"font-weight: 400;\">2022: <\/span><i><span style=\"font-weight: 400;\">The New 20s: Challenges, Uncertainties and Resistances<\/span><\/i><span style=\"font-weight: 400;\">, University of Evora, Portugal<br \/>\n<\/span><span style=\"font-weight: 400;\">2022<\/span><span style=\"font-weight: 400;\">: <\/span><i><span style=\"font-weight: 400;\">Captured Liberties \u2013 Stories from the Salazar Dictatorship<\/span><\/i><span style=\"font-weight: 400;\">, ICA-D, Hungary<br \/>\n<\/span><span style=\"font-weight: 400;\">2021: <\/span><i><span style=\"font-weight: 400;\">About Love<\/span><\/i><span style=\"font-weight: 400;\"> (with Maria do Mar Rego), Imago Gallery, Lisbon,<\/span> <span style=\"font-weight: 400;\">Portugal<br \/>\n<\/span><span style=\"font-weight: 400;\">2020: <\/span><i><span style=\"font-weight: 400;\">Histories of love<\/span><\/i><span style=\"font-weight: 400;\"> (with Maria do Mar Rego), Gallery 2B, Budapest<br \/>\n<\/span><span style=\"font-weight: 400;\">2020: <\/span><i><span style=\"font-weight: 400;\">Greetings from my new home<\/span><\/i><span style=\"font-weight: 400;\">, Budapest Gallery<br \/>\n<\/span><span style=\"font-weight: 400;\">2017: <\/span><i><span style=\"font-weight: 400;\">Stranger in the Middle of Nowhere<\/span><\/i><span style=\"font-weight: 400;\"> (with Judit Hidas), OFF-Biennale Budapest<br \/>\n<\/span><span style=\"font-weight: 400;\">2017: <\/span><i><span style=\"font-weight: 400;\">Our\u00a0House<\/span><\/i><span style=\"font-weight: 400;\">, Gallery 2B, Budapest<br \/>\n<\/span><span style=\"font-weight: 400;\">2016: <\/span><i><span style=\"font-weight: 400;\">Positive<\/span><\/i><span style=\"font-weight: 400;\">, B\u00e1nkit\u00f3 Festival, B\u00e1nk<br \/>\n<\/span><span style=\"font-weight: 400;\">2016: <\/span><i><span style=\"font-weight: 400;\">Dazzle<\/span><\/i><span style=\"font-weight: 400;\">, Gallery Inda, Budapest<\/span><span style=\"font-weight: 400;\"><br \/>\n<\/span><span style=\"font-weight: 400;\">2015: <\/span><i><span style=\"font-weight: 400;\">Positive<\/span><\/i><span style=\"font-weight: 400;\">, G\u00f3lya Community House, OFF-Biennale Budapest <\/span><span style=\"font-weight: 400;\"><br \/>\n<\/span><span style=\"font-weight: 400;\">2015: <\/span><i><span style=\"font-weight: 400;\">Positive<\/span><\/i><span style=\"font-weight: 400;\">, Gallery Liget, Budapest<\/span><span style=\"font-weight: 400;\"><br \/>\n<\/span><span style=\"font-weight: 400;\">2014: <\/span><i><span style=\"font-weight: 400;\">Feminine Laundry<\/span><\/i><span style=\"font-weight: 400;\">, Gallery 2B, Budapest, Hungary<\/span><span style=\"font-weight: 400;\"><br \/>\n<\/span><span style=\"font-weight: 400;\">2013: <\/span><i><span style=\"font-weight: 400;\">Foreign Field<\/span><\/i><span style=\"font-weight: 400;\">, Gallery 2B, Budapest<\/span><span style=\"font-weight: 400;\"><br \/>\n<\/span><span style=\"font-weight: 400;\">2013: <\/span><i><span style=\"font-weight: 400;\">Mother Michael Goes to Heaven<\/span><\/i><span style=\"font-weight: 400;\">,<\/span> <span style=\"font-weight: 400;\">Gallery Liget, Budapest<br \/>\n<\/span><span style=\"font-weight: 400;\">2011: <\/span><i><span style=\"font-weight: 400;\">Life is beautiful<\/span><\/i><span style=\"font-weight: 400;\">, Balint Jewish Community Center, Budapest<br \/>\n<\/span><span style=\"font-weight: 400;\">2008: <\/span><i><span style=\"font-weight: 400;\">Fragments of desire<\/span><\/i><span style=\"font-weight: 400;\">,\u00a0 Gallery Liget, Budapest<br \/>\n<\/span><span style=\"font-weight: 400;\">2005: <\/span><i><span style=\"font-weight: 400;\">Golden Age<\/span><\/i><span style=\"font-weight: 400;\">, Gallery Liget, Budapest<br \/>\n<\/span><span style=\"font-weight: 400;\">2003: <\/span><i><span style=\"font-weight: 400;\">Portraits at a fair<\/span><\/i><span style=\"font-weight: 400;\">, Goethe Institute, Budapest<\/span><\/p>\n<p><b>group exhibitions (selected)<\/b><\/p>\n<p>2026: MODEM 20, Group exhibtion, MODEM, Debrecen<br \/>\n<span style=\"font-weight: 400;\">2025: <\/span><i><span style=\"font-weight: 400;\">Women Quota 02<\/span><\/i><span style=\"font-weight: 400;\">, Selection from the collection of Ludwig Museum, Budapest<br \/>\n<\/span><span style=\"font-weight: 400;\">2024: <\/span><i><span style=\"font-weight: 400;\">Our Parallel Universes<\/span><\/i><span style=\"font-weight: 400;\">, WINTER GROUP EXHIBITION AT INDA GALLERY, Budapest<br \/>\n<\/span><span style=\"font-weight: 400;\">2024: <\/span><i><span style=\"font-weight: 400;\">Lisbon Photobook Exhibition and Fair<\/span><\/i><span style=\"font-weight: 400;\">, Arquivo Municipal de Fotografia, Lisbon<br \/>\n<\/span><span style=\"font-weight: 400;\">2023: <\/span><i><span style=\"font-weight: 400;\">HANDLE WITH CARE<\/span><\/i><span style=\"font-weight: 400;\">. Ludwig Museum, Budapest<br \/>\n<\/span><span style=\"font-weight: 400;\">2023:<\/span><i><span style=\"font-weight: 400;\"> FIRST HALF \u201823<\/span><\/i><span style=\"font-weight: 400;\">, INDA GALLERY, Budapest<br \/>\n<\/span><span style=\"font-weight: 400;\">2023: <\/span><i><span style=\"font-weight: 400;\">UNVEILING<\/span><\/i><span style=\"font-weight: 400;\">, Liget Gallery, Budapest, Hungary<br \/>\n<\/span><span style=\"font-weight: 400;\">2023: <\/span><i><span style=\"font-weight: 400;\">Let\u2019s Pet<\/span><\/i><span style=\"font-weight: 400;\">, Robert Capa Centre of Photography, Budapest, Hungary<br \/>\n<\/span><span style=\"font-weight: 400;\">2022: <\/span><i><span style=\"font-weight: 400;\">I hold the table with my hands instead of the broken legs<\/span><\/i><span style=\"font-weight: 400;\">, Traf\u00f3 Gallery, Budapest, Hungary<br \/>\n<\/span><span style=\"font-weight: 400;\">2022: <\/span><i><span style=\"font-weight: 400;\">14. Manifesta Biennial<\/span><\/i><span style=\"font-weight: 400;\">, with Easttopics, Prishtina, Kosovo<br \/>\n<\/span><span style=\"font-weight: 400;\">2021: <\/span><i><span style=\"font-weight: 400;\">One Artist One Minute<\/span><\/i><span style=\"font-weight: 400;\">, Fotohof, Salzburg<br \/>\n<\/span><span style=\"font-weight: 400;\">2021: <\/span><i><span style=\"font-weight: 400;\">Waiting room<\/span><\/i><span style=\"font-weight: 400;\">, SOM, Semmelweis Medical History Museum, Budapest<br \/>\n<\/span><span style=\"font-weight: 400;\">2021: <\/span><i><span style=\"font-weight: 400;\">Cure<\/span><\/i><span style=\"font-weight: 400;\">, Robert Capa Centre of Photography, Budapest, Hungary<br \/>\n<\/span><span style=\"font-weight: 400;\">2019: <\/span><i><span style=\"font-weight: 400;\">No Place Like Home<\/span><\/i><span style=\"font-weight: 400;\">, La Junqueira Artist Residency, Lisbon, Portugal<br \/>\n<\/span><span style=\"font-weight: 400;\">2019: <\/span><i><span style=\"font-weight: 400;\">For Family Reasons<\/span><\/i><span style=\"font-weight: 400;\">, MODEM Modern and Contemporary Arts Centre, Debrecen, Hungary<br \/>\n<\/span><span style=\"font-weight: 400;\">2019: <\/span><i><span style=\"font-weight: 400;\">Red Umbrella Struggles<\/span><\/i><span style=\"font-weight: 400;\">, Edith-Russ-Haus for Media Art, Oldenburg, Germany<br \/>\n<\/span><span style=\"font-weight: 400;\">2019:\u00a0<\/span><i><span style=\"font-weight: 400;\">Women in\u00a03 Acts<\/span><\/i><span style=\"font-weight: 400;\">, Fotogalleriet, Oslo, Norway<br \/>\n<\/span><span style=\"font-weight: 400;\">2019: <\/span><i><span style=\"font-weight: 400;\">We will not change\u00a0our show<\/span><\/i><span style=\"font-weight: 400;\">, D\u016fm um\u011bn\u00ed m\u011bsta Brna, Brno, Czech Republic<br \/>\n<\/span><span style=\"font-weight: 400;\">2018: <\/span><i><span style=\"font-weight: 400;\">Vanishing Points 3.0<\/span><\/i><span style=\"font-weight: 400;\">, Hungarian Jewish Museum and Archives, Budapest<br \/>\n<\/span><span style=\"font-weight: 400;\">2018: <\/span><i><span style=\"font-weight: 400;\">Women in\u00a03 Acts<\/span><\/i><span style=\"font-weight: 400;\">, Gallery INDA, Budapest<br \/>\n<\/span><span style=\"font-weight: 400;\">2018: <\/span><i><span style=\"font-weight: 400;\">The Family of No Man<\/span><\/i><span style=\"font-weight: 400;\">, Arles Photo Festival, Cosmos Arles Books<br \/>\n<\/span><span style=\"font-weight: 400;\">2018: <\/span><i><span style=\"font-weight: 400;\">Women in\u00a03 Acts<\/span><\/i><span style=\"font-weight: 400;\">, Galerie\u00a0Fotohof, Salzburg<br \/>\n<\/span><span style=\"font-weight: 400;\">2018: <\/span><i><span style=\"font-weight: 400;\">Kib\u00e9k\u00fcl\u00e9s<\/span><\/i><span style=\"font-weight: 400;\">, Pannonhalma F\u0151monostor<br \/>\n<\/span><span style=\"font-weight: 400;\">2017: <\/span><i><span style=\"font-weight: 400;\">The Way We See. An Overview of Hungarian Photography<\/span><\/i><span style=\"font-weight: 400;\">, National Museum in Warsaw, Poland<br \/>\n<\/span><span style=\"font-weight: 400;\">2016:\u00a0<\/span><i><span style=\"font-weight: 400;\">Our heart is a foreign country<\/span><\/i><span style=\"font-weight: 400;\">, tranzit.hu and Studio Gallery, Budapest<br \/>\n<\/span><span style=\"font-weight: 400;\">2013: <\/span><i><span style=\"font-weight: 400;\">Still<\/span><\/i><span style=\"font-weight: 400;\">, MODEM Modern and Contemporary Arts Centre, Debrecen, Hungary<\/span><span style=\"font-weight: 400;\"><br \/>\n<\/span><span style=\"font-weight: 400;\">2012: <\/span><i><span style=\"font-weight: 400;\">Photo Espana \u2013 From Here<\/span><\/i><span style=\"font-weight: 400;\">, Museo de Bellas Artes, Madrid, Spain<\/span><\/p>\n<p><b>grants, awards &amp; residencies<\/b><\/p>\n<p>2026: <span style=\"font-weight: 400;\">Fulbright Schuman Fellowship to the Columbia University, Department of Oral Studies<br \/>\n<\/span><span style=\"font-weight: 400;\">2025: Riad Al Massarah Marrakech artist Residency<br \/>\n<\/span><span style=\"font-weight: 400;\">2025: Shortlisted for the RU-ACAX New York residency<br \/>\n<\/span><span style=\"font-weight: 400;\">2024: Artist and Researcher in Residence Guiniguada<br \/>\n<\/span><span style=\"font-weight: 400;\">2024: Shortlisted for Kass\u00e1k Contemporary Art Prize<br \/>\n<\/span><span style=\"font-weight: 400;\">2024: Shortlisted for Contested Desires Arts&amp;Heritage program<br \/>\n<\/span><span style=\"font-weight: 400;\">2023: Shortlisted for the RU-ACAX New York residency<br \/>\n<\/span><span style=\"font-weight: 400;\">2023: Selected for Magnum Workshop in Hungary, Veszpr\u00e9m, with Thomas Dworzak and Jonas Bendiksen<br \/>\n<\/span><span style=\"font-weight: 400;\">2023: Artist Residency of Camara Municipal de Lisboa (with the support of Culture Moves Europe Mobility Grant)<br \/>\n<\/span><span style=\"font-weight: 400;\">2023: Selected for Photo-Match Portfolio review, Lodz Photo Festival, Poland<br \/>\n<\/span><span style=\"font-weight: 400;\">2023: Artista X Artista &amp; Tranzit Artist Residency, Havana, Cuba (2023 January-February)<br \/>\n<\/span><span style=\"font-weight: 400;\">2022: Rosti P\u00e1l Award for the Best Photo Book of the Year (with Greetings From My New Home), Hungarian National Museum<br \/>\n2021: Art Defies Violence, 16 days against violence, Salzburg, First Prize<br \/>\n<\/span><span style=\"font-weight: 400;\">2020: Fotohof Calling Award, Fotohof, Salzburg<br \/>\n<\/span><span style=\"font-weight: 400;\">2019: Asylum Arts, Research Grant, Lisbon (2020 March \u2013 September)<br \/>\n<\/span><span style=\"font-weight: 400;\">2019: La Junquiera Artist Residency, Lisbon<br \/>\n<\/span><span style=\"font-weight: 400;\">2019: Hangar Artist Residency, Lisbon<br \/>\n<\/span><span style=\"font-weight: 400;\">2018: Budapest Gallery Artist Exchange Fellowship, Lisbon (2018 June-July)<br \/>\n<\/span><span style=\"font-weight: 400;\">2010-2011: Hungarian E\u00f6tv\u00f6s Fellowship, New York, ICP<br \/>\n<\/span><span style=\"font-weight: 400;\">2008: Descubrimientos PHE08, Madrid<br \/>\n<\/span><span style=\"font-weight: 400;\">2005: ECB Photography award \u2013 Hungary today (third price)\u00a0<\/span><\/p>\n<p><b>collections<\/b><\/p>\n<p><span style=\"font-weight: 400;\">2023: Ludwig Museum \u2013 Museum of Contemporary Art, Budapst: <\/span><i><span style=\"font-weight: 400;\">May You Give Us This Day Our Daily Bread<\/span><\/i><span style=\"font-weight: 400;\"> (2023)<br \/>\n<\/span><span style=\"font-weight: 400;\">2020: Hungarian National Museum, Budapest: <\/span><i><span style=\"font-weight: 400;\">Greetings from My New Home<\/span><\/i><span style=\"font-weight: 400;\"> book<br \/>\n<\/span><span style=\"font-weight: 400;\">2012: ICP Library, New York: <\/span><i><span style=\"font-weight: 400;\">Comrades<\/span><\/i><span style=\"font-weight: 400;\"> book<br \/>\n<\/span><span style=\"font-weight: 400;\">Noorderlicht: Pandora\u2019s Box<\/span><\/p>\n<p><b>films<\/b><\/p>\n<p><span style=\"font-weight: 400;\">2019: <\/span><i><span style=\"font-weight: 400;\">Sunday afternoon<\/span><\/i><span style=\"font-weight: 400;\"> (<\/span><span style=\"font-weight: 400;\">14:19<\/span><span style=\"font-weight: 400;\">)<br \/>\n<\/span><span style=\"font-weight: 400;\">2018: <\/span><i><span style=\"font-weight: 400;\">Blue Center <\/span><\/i><span style=\"font-weight: 400;\">(8:02)<br \/>\n<\/span><span style=\"font-weight: 400;\">2015: <\/span><i><span style=\"font-weight: 400;\">Positive<\/span><\/i><span style=\"font-weight: 400;\"> (11:27)<br \/>\n<\/span><span style=\"font-weight: 400;\">2014: <\/span><i><span style=\"font-weight: 400;\">Uniform<\/span><\/i><span style=\"font-weight: 400;\"> (1:46)<br \/>\n<\/span><span style=\"font-weight: 400;\">2013: <\/span><i><span style=\"font-weight: 400;\">Pea Podding<\/span><\/i><span style=\"font-weight: 400;\"> (29:34)\u00a0<\/span><\/p>\n<p><b>books<\/b><\/p>\n<p><span style=\"font-weight: 400;\">2024: <\/span><i><span style=\"font-weight: 400;\">Seven Hundred Meters<\/span><\/i><span style=\"font-weight: 400;\">, published by INDA Gallery (designed by R\u00e9ka Neszm\u00e9lyi)<br \/>\n<\/span><span style=\"font-weight: 400;\">2022: <\/span><i><span style=\"font-weight: 400;\">Waiting room<\/span><\/i><span style=\"font-weight: 400;\">, published as part of <\/span><i><span style=\"font-weight: 400;\">Waiting Room<\/span><\/i><span style=\"font-weight: 400;\"> exhibition (SOM, Budapest <\/span><span style=\"font-weight: 400;\">[2021]<\/span><span style=\"font-weight: 400;\">)<br \/>\n<\/span><span style=\"font-weight: 400;\">2020: <\/span><i><span style=\"font-weight: 400;\">Greetings from my new home<\/span><\/i><span style=\"font-weight: 400;\"> (together with Elsa Peralta), self-published book<br \/>\n<\/span><span style=\"font-weight: 400;\">2020: <\/span><i><span style=\"font-weight: 400;\">Histories of Love<\/span><\/i><span style=\"font-weight: 400;\">, self-published book (designed by Zolt\u00e1n Szmolka)<br \/>\n<\/span><span style=\"font-weight: 400;\">2012: <\/span><i><span style=\"font-weight: 400;\">Daughters<\/span><\/i><span style=\"font-weight: 400;\">, published by FOTOHOF Salzburg<br \/>\n<\/span><span style=\"font-weight: 400;\">2011: <\/span><i><span style=\"font-weight: 400;\">Mother Michael Goes to Heaven<\/span><\/i><span style=\"font-weight: 400;\">, self-published book<\/span><\/p>\n<p><b>academic publications<\/b><\/p>\n<p><span style=\"font-weight: 400;\">Elsa Peralta and Lilla Sz\u00e1sz. 2021. <\/span><i><span style=\"font-weight: 400;\">TRACES.<\/span><\/i><span style=\"font-weight: 400;\"> A visual essay with photography by Lilla <\/span><span style=\"font-weight: 400;\">Sz\u00e1sz and words by Elsa Peralta. Mobile Culture Studies 7 (Materialities): 97\u2013106.<\/span><\/p>\n<p><b>conferences<\/b><\/p>\n<p><span style=\"font-weight: 400;\">2015: <\/span><i><span style=\"font-weight: 400;\">Left-wing feminism<\/span><\/i><span style=\"font-weight: 400;\">, <\/span><span style=\"font-weight: 400;\">Central European University, Budapest<br \/>\n<\/span><span style=\"font-weight: 400;\">2022: <\/span><i><span style=\"font-weight: 400;\">The New 20s: Challenges, Uncertainties, and Resistances<\/span><\/i><span style=\"font-weight: 400;\">, University of Evora, Portugal<br \/>\n<\/span><span style=\"font-weight: 400;\">2021: <\/span><i><span style=\"font-weight: 400;\">Art Defies Violence<\/span><\/i><span style=\"font-weight: 400;\">, Salzburg and Gendup, Center for Gender Studies and Women&#8217;s Funding, in cooperation with Fotohof Salzburg<\/span><\/p>\n","protected":false},"excerpt":{"rendered":"<p>Lilla Sz\u00e1sz is a visual artist and researcher based between Budapest, Lisbon, and Vienna. Her delicate photo series investigate themes of intimacy, collective memory, and the politics of visibility, with a particular focus on feminist and post-socialist histories. Most of Sz\u00e1sz\u2019s projects take months, sometimes even years, to complete, allowing her to form deep connections [&hellip;]<\/p>\n","protected":false},"author":1,"featured_media":0,"parent":0,"menu_order":0,"comment_status":"closed","ping_status":"closed","template":"","meta":{"footnotes":""},"class_list":["post-36","page","type-page","status-publish","hentry"],"_links":{"self":[{"href":"https:\/\/szaszlilla.hu\/hu\/wp-json\/wp\/v2\/pages\/36","targetHints":{"allow":["GET"]}}],"collection":[{"href":"https:\/\/szaszlilla.hu\/hu\/wp-json\/wp\/v2\/pages"}],"about":[{"href":"https:\/\/szaszlilla.hu\/hu\/wp-json\/wp\/v2\/types\/page"}],"author":[{"embeddable":true,"href":"https:\/\/szaszlilla.hu\/hu\/wp-json\/wp\/v2\/users\/1"}],"replies":[{"embeddable":true,"href":"https:\/\/szaszlilla.hu\/hu\/wp-json\/wp\/v2\/comments?post=36"}],"version-history":[{"count":31,"href":"https:\/\/szaszlilla.hu\/hu\/wp-json\/wp\/v2\/pages\/36\/revisions"}],"predecessor-version":[{"id":479,"href":"https:\/\/szaszlilla.hu\/hu\/wp-json\/wp\/v2\/pages\/36\/revisions\/479"}],"wp:attachment":[{"href":"https:\/\/szaszlilla.hu\/hu\/wp-json\/wp\/v2\/media?parent=36"}],"curies":[{"name":"wp","href":"https:\/\/api.w.org\/{rel}","templated":true}]}}